{"id":193,"date":"2019-10-29T10:15:12","date_gmt":"2019-10-29T10:15:12","guid":{"rendered":"https:\/\/bridge276.qodeinteractive.com\/?page_id=193"},"modified":"2021-01-11T09:41:15","modified_gmt":"2021-01-11T09:41:15","slug":"home","status":"publish","type":"page","link":"https:\/\/www.adecursos.com\/pisosenpradodelavega\/","title":{"rendered":"Home"},"content":{"rendered":"\t\t<div data-elementor-type=\"wp-page\" data-elementor-id=\"193\" class=\"elementor elementor-193\" data-elementor-settings=\"[]\">\n\t\t\t\t\t\t<div class=\"elementor-inner\">\n\t\t\t\t\t\t\t<div class=\"elementor-section-wrap\">\n\t\t\t\t\t\t\t<section class=\"elementor-section elementor-top-section elementor-element elementor-element-46bc5bb elementor-section-full_width elementor-section-height-default elementor-section-height-default parallax_section_no qode_elementor_container_no\" data-id=\"46bc5bb\" data-element_type=\"section\">\n\t\t\t\t\t\t<div class=\"elementor-container elementor-column-gap-no\">\n\t\t\t\t\t\t\t<div class=\"elementor-row\">\n\t\t\t\t\t<div class=\"elementor-column elementor-col-100 elementor-top-column elementor-element elementor-element-91ae4a5\" data-id=\"91ae4a5\" data-element_type=\"column\">\n\t\t\t<div class=\"elementor-column-wrap elementor-element-populated\">\n\t\t\t\t\t\t\t<div class=\"elementor-widget-wrap\">\n\t\t\t\t\t\t<div class=\"elementor-element elementor-element-4371dcb elementor-aspect-ratio-169 elementor-widget elementor-widget-video\" data-id=\"4371dcb\" data-element_type=\"widget\" data-settings=\"{&quot;aspect_ratio&quot;:&quot;169&quot;}\" data-widget_type=\"video.default\">\n\t\t\t\t<div class=\"elementor-widget-container\">\n\t\t\t\t\t<div class=\"elementor-wrapper elementor-fit-aspect-ratio elementor-open-inline\">\n\t\t\t<iframe class=\"elementor-video-iframe\" allowfullscreen title=\"Reproductor de v\u00eddeo youtube\" src=\"https:\/\/www.youtube.com\/embed\/F7__y1pdfa4?feature=oembed&amp;start&amp;end&amp;wmode=opaque&amp;loop=0&amp;controls=0&amp;mute=0&amp;rel=0&amp;modestbranding=0\"><\/iframe>\t\t<\/div>\n\t\t\t\t<\/div>\n\t\t\t\t<\/div>\n\t\t\t\t<div class=\"elementor-element elementor-element-0650476 elementor-widget elementor-widget-bridge_portfolio_list\" data-id=\"0650476\" data-element_type=\"widget\" data-widget_type=\"bridge_portfolio_list.default\">\n\t\t\t\t<div class=\"elementor-widget-container\">\n\t\t\t<div class='projects_holder_outer v2 portfolio_with_space portfolio_standard  masonry_with_space  masonry_with_space_only_image'>\n        <div class='projects_holder portfolio_main_holder clearfix v2 standard portfolio_full_image portfolio_one_by_one'>\n                    <div class=\"qode-portfolio-masonry-gallery-grid-sizer\"><\/div>\n            <div class=\"qode-portfolio-masonry-gallery-grid-gutter\"><\/div>\n        \n        <article class='mix portfolio_category_6 default' style='padding: 0 9px;margin-bottom: 18px !important;'>\n    \n    \n    \n    \n            <div class=\"item_holder cursor_change_hover\">\n\n                    <div class=\"text_holder\">\n        <div class=\"text_holder_outer\">\n            <div class=\"text_holder_inner\">\n            \n    <h5 itemprop=\"name\" class=\"portfolio_title entry_title\"><a itemprop=\"url\" href=\"https:\/\/www.adecursos.com\/pisosenpradodelavega\/edificio-lumina\/portal\/\"  target=\"_self\"> L\u00famina<\/a><\/h5>\n\n            <\/div>\n        <\/div>\n    <\/div>\n\n                                    <a itemprop=\"url\" class=\"portfolio_link_class\" title=\"L\u00famina\" href=\"https:\/\/www.adecursos.com\/pisosenpradodelavega\/edificio-lumina\/portal\/\"><\/a>\n                \n                <div style=\"\" class=\"portfolio_shader\"><\/div>\n                <div class=\"image_holder\">\n                    \n<span class='image'><img width=\"700\" height=\"478\" src=\"https:\/\/www.adecursos.com\/pisosenpradodelavega\/wp-content\/uploads\/2019\/10\/edificio-lumina-portal-amplitud.jpg\" class=\"attachment-portfolio_masonry_with_space size-portfolio_masonry_with_space wp-post-image\" alt=\"Edificio L\u00famina portal iluminaci\u00f3n\" loading=\"lazy\" srcset=\"https:\/\/www.adecursos.com\/pisosenpradodelavega\/wp-content\/uploads\/2019\/10\/edificio-lumina-portal-amplitud.jpg 300w, https:\/\/www.adecursos.com\/pisosenpradodelavega\/wp-content\/uploads\/2019\/10\/edificio-lumina-portal-amplitud.jpg 1024w, https:\/\/www.adecursos.com\/pisosenpradodelavega\/wp-content\/uploads\/2019\/10\/edificio-lumina-portal-amplitud.jpg 768w, https:\/\/www.adecursos.com\/pisosenpradodelavega\/wp-content\/uploads\/2019\/10\/edificio-lumina-portal-amplitud.jpg 1536w, https:\/\/www.adecursos.com\/pisosenpradodelavega\/wp-content\/uploads\/2019\/10\/edificio-lumina-portal-amplitud.jpg 700w, https:\/\/www.adecursos.com\/pisosenpradodelavega\/wp-content\/uploads\/2019\/10\/edificio-lumina-portal-amplitud.jpg 1900w\" sizes=\"(max-width: 700px) 100vw, 700px\" \/><\/span>                <\/div>\n            <\/div>\n\n        \n    \n<\/article>\n<article class='mix portfolio_category_6 default' style='padding: 0 9px;margin-bottom: 18px !important;'>\n    \n    \n    \n    \n            <div class=\"item_holder cursor_change_hover\">\n\n                    <div class=\"text_holder\">\n        <div class=\"text_holder_outer\">\n            <div class=\"text_holder_inner\">\n            \n    <h5 itemprop=\"name\" class=\"portfolio_title entry_title\"><a itemprop=\"url\" href=\"https:\/\/www.adecursos.com\/pisosenpradodelavega\/edificio-lumina\/exterior\/\"  target=\"_self\"> L\u00famina<\/a><\/h5>\n\n            <\/div>\n        <\/div>\n    <\/div>\n\n                                    <a itemprop=\"url\" class=\"portfolio_link_class\" title=\"L\u00famina\" href=\"https:\/\/www.adecursos.com\/pisosenpradodelavega\/edificio-lumina\/exterior\/\"><\/a>\n                \n                <div style=\"\" class=\"portfolio_shader\"><\/div>\n                <div class=\"image_holder\">\n                    \n<span class='image'><img width=\"700\" height=\"1023\" src=\"https:\/\/www.adecursos.com\/pisosenpradodelavega\/wp-content\/uploads\/2020\/11\/edificio-lumina.jpg\" class=\"attachment-portfolio_masonry_with_space size-portfolio_masonry_with_space wp-post-image\" alt=\"\" loading=\"lazy\" srcset=\"https:\/\/www.adecursos.com\/pisosenpradodelavega\/wp-content\/uploads\/2020\/11\/edificio-lumina.jpg 205w, https:\/\/www.adecursos.com\/pisosenpradodelavega\/wp-content\/uploads\/2020\/11\/edificio-lumina.jpg 701w, https:\/\/www.adecursos.com\/pisosenpradodelavega\/wp-content\/uploads\/2020\/11\/edificio-lumina.jpg 768w, https:\/\/www.adecursos.com\/pisosenpradodelavega\/wp-content\/uploads\/2020\/11\/edificio-lumina.jpg 1051w, https:\/\/www.adecursos.com\/pisosenpradodelavega\/wp-content\/uploads\/2020\/11\/edificio-lumina.jpg 1401w, https:\/\/www.adecursos.com\/pisosenpradodelavega\/wp-content\/uploads\/2020\/11\/edificio-lumina.jpg 700w, https:\/\/www.adecursos.com\/pisosenpradodelavega\/wp-content\/uploads\/2020\/11\/edificio-lumina-scaled.jpg 1752w\" sizes=\"(max-width: 700px) 100vw, 700px\" \/><\/span>                <\/div>\n            <\/div>\n\n        \n    \n<\/article>\n<article class='mix portfolio_category_6 default' style='padding: 0 9px;margin-bottom: 18px !important;'>\n    \n    \n    \n    \n            <div class=\"item_holder cursor_change_hover\">\n\n                    <div class=\"text_holder\">\n        <div class=\"text_holder_outer\">\n            <div class=\"text_holder_inner\">\n            \n    <h5 itemprop=\"name\" class=\"portfolio_title entry_title\"><a itemprop=\"url\" href=\"https:\/\/www.adecursos.com\/pisosenpradodelavega\/edificio-lumina\/entrada\/\"  target=\"_self\"> L\u00famina<\/a><\/h5>\n\n            <\/div>\n        <\/div>\n    <\/div>\n\n                                    <a itemprop=\"url\" class=\"portfolio_link_class\" title=\"L\u00famina\" href=\"https:\/\/www.adecursos.com\/pisosenpradodelavega\/edificio-lumina\/entrada\/\"><\/a>\n                \n                <div style=\"\" class=\"portfolio_shader\"><\/div>\n                <div class=\"image_holder\">\n                    \n<span class='image'><img width=\"700\" height=\"525\" src=\"https:\/\/www.adecursos.com\/pisosenpradodelavega\/wp-content\/uploads\/2020\/11\/edificio-lumina-luz.jpg\" class=\"attachment-portfolio_masonry_with_space size-portfolio_masonry_with_space wp-post-image\" alt=\"\" loading=\"lazy\" srcset=\"https:\/\/www.adecursos.com\/pisosenpradodelavega\/wp-content\/uploads\/2020\/11\/edificio-lumina-luz.jpg 300w, https:\/\/www.adecursos.com\/pisosenpradodelavega\/wp-content\/uploads\/2020\/11\/edificio-lumina-luz.jpg 1024w, https:\/\/www.adecursos.com\/pisosenpradodelavega\/wp-content\/uploads\/2020\/11\/edificio-lumina-luz.jpg 768w, https:\/\/www.adecursos.com\/pisosenpradodelavega\/wp-content\/uploads\/2020\/11\/edificio-lumina-luz.jpg 1536w, https:\/\/www.adecursos.com\/pisosenpradodelavega\/wp-content\/uploads\/2020\/11\/edificio-lumina-luz.jpg 800w, https:\/\/www.adecursos.com\/pisosenpradodelavega\/wp-content\/uploads\/2020\/11\/edificio-lumina-luz.jpg 700w, https:\/\/www.adecursos.com\/pisosenpradodelavega\/wp-content\/uploads\/2020\/11\/edificio-lumina-luz.jpg 1900w\" sizes=\"(max-width: 700px) 100vw, 700px\" \/><\/span>                <\/div>\n            <\/div>\n\n        \n    \n<\/article>\n<article class='mix portfolio_category_7 default' style='padding: 0 9px;margin-bottom: 18px !important;'>\n    \n    \n    \n    \n            <div class=\"item_holder cursor_change_hover\">\n\n                    <div class=\"text_holder\">\n        <div class=\"text_holder_outer\">\n            <div class=\"text_holder_inner\">\n            \n    <h5 itemprop=\"name\" class=\"portfolio_title entry_title\"><a itemprop=\"url\" href=\"https:\/\/www.adecursos.com\/pisosenpradodelavega\/edificio-soleo\/exterior\/\"  target=\"_self\"> Soleo<\/a><\/h5>\n\n            <\/div>\n        <\/div>\n    <\/div>\n\n                                    <a itemprop=\"url\" class=\"portfolio_link_class\" title=\"Soleo\" href=\"https:\/\/www.adecursos.com\/pisosenpradodelavega\/edificio-soleo\/exterior\/\"><\/a>\n                \n                <div style=\"\" class=\"portfolio_shader\"><\/div>\n                <div class=\"image_holder\">\n                    \n<span class='image'><img width=\"700\" height=\"467\" src=\"https:\/\/www.adecursos.com\/pisosenpradodelavega\/wp-content\/uploads\/2020\/11\/edificio-soleo.jpg\" class=\"attachment-portfolio_masonry_with_space size-portfolio_masonry_with_space wp-post-image\" alt=\"Edificio Soleo\" loading=\"lazy\" srcset=\"https:\/\/www.adecursos.com\/pisosenpradodelavega\/wp-content\/uploads\/2020\/11\/edificio-soleo.jpg 300w, https:\/\/www.adecursos.com\/pisosenpradodelavega\/wp-content\/uploads\/2020\/11\/edificio-soleo.jpg 1024w, https:\/\/www.adecursos.com\/pisosenpradodelavega\/wp-content\/uploads\/2020\/11\/edificio-soleo.jpg 768w, https:\/\/www.adecursos.com\/pisosenpradodelavega\/wp-content\/uploads\/2020\/11\/edificio-soleo.jpg 1536w, https:\/\/www.adecursos.com\/pisosenpradodelavega\/wp-content\/uploads\/2020\/11\/edificio-soleo.jpg 700w, https:\/\/www.adecursos.com\/pisosenpradodelavega\/wp-content\/uploads\/2020\/11\/edificio-soleo.jpg 1900w\" sizes=\"(max-width: 700px) 100vw, 700px\" \/><\/span>                <\/div>\n            <\/div>\n\n        \n    \n<\/article>\n<article class='mix portfolio_category_7 default' style='padding: 0 9px;margin-bottom: 18px !important;'>\n    \n    \n    \n    \n            <div class=\"item_holder cursor_change_hover\">\n\n                    <div class=\"text_holder\">\n        <div class=\"text_holder_outer\">\n            <div class=\"text_holder_inner\">\n            \n    <h5 itemprop=\"name\" class=\"portfolio_title entry_title\"><a itemprop=\"url\" href=\"https:\/\/www.adecursos.com\/pisosenpradodelavega\/edificio-soleo\/arquitectura\/\"  target=\"_self\"> Soleo<\/a><\/h5>\n\n            <\/div>\n        <\/div>\n    <\/div>\n\n                                    <a itemprop=\"url\" class=\"portfolio_link_class\" title=\"Soleo\" href=\"https:\/\/www.adecursos.com\/pisosenpradodelavega\/edificio-soleo\/arquitectura\/\"><\/a>\n                \n                <div style=\"\" class=\"portfolio_shader\"><\/div>\n                <div class=\"image_holder\">\n                    \n<span class='image'><img width=\"700\" height=\"467\" src=\"https:\/\/www.adecursos.com\/pisosenpradodelavega\/wp-content\/uploads\/2020\/11\/edificio-soleo-formas.jpg\" class=\"attachment-portfolio_masonry_with_space size-portfolio_masonry_with_space wp-post-image\" alt=\"Edificio Soleo arquitectura\" loading=\"lazy\" srcset=\"https:\/\/www.adecursos.com\/pisosenpradodelavega\/wp-content\/uploads\/2020\/11\/edificio-soleo-formas.jpg 300w, https:\/\/www.adecursos.com\/pisosenpradodelavega\/wp-content\/uploads\/2020\/11\/edificio-soleo-formas.jpg 1024w, https:\/\/www.adecursos.com\/pisosenpradodelavega\/wp-content\/uploads\/2020\/11\/edificio-soleo-formas.jpg 768w, https:\/\/www.adecursos.com\/pisosenpradodelavega\/wp-content\/uploads\/2020\/11\/edificio-soleo-formas.jpg 1536w, https:\/\/www.adecursos.com\/pisosenpradodelavega\/wp-content\/uploads\/2020\/11\/edificio-soleo-formas.jpg 700w, https:\/\/www.adecursos.com\/pisosenpradodelavega\/wp-content\/uploads\/2020\/11\/edificio-soleo-formas.jpg 1900w\" sizes=\"(max-width: 700px) 100vw, 700px\" \/><\/span>                <\/div>\n            <\/div>\n\n        \n    \n<\/article>\n<article class='mix portfolio_category_7 default' style='padding: 0 9px;margin-bottom: 18px !important;'>\n    \n    \n    \n    \n            <div class=\"item_holder cursor_change_hover\">\n\n                    <div class=\"text_holder\">\n        <div class=\"text_holder_outer\">\n            <div class=\"text_holder_inner\">\n            \n    <h5 itemprop=\"name\" class=\"portfolio_title entry_title\"><a itemprop=\"url\" href=\"https:\/\/www.adecursos.com\/pisosenpradodelavega\/edificio-soleo\/portal\/\"  target=\"_self\"> Soleo<\/a><\/h5>\n\n            <\/div>\n        <\/div>\n    <\/div>\n\n                                    <a itemprop=\"url\" class=\"portfolio_link_class\" title=\"Soleo\" href=\"https:\/\/www.adecursos.com\/pisosenpradodelavega\/edificio-soleo\/portal\/\"><\/a>\n                \n                <div style=\"\" class=\"portfolio_shader\"><\/div>\n                <div class=\"image_holder\">\n                    \n<span class='image'><img width=\"700\" height=\"467\" src=\"https:\/\/www.adecursos.com\/pisosenpradodelavega\/wp-content\/uploads\/2020\/11\/edificio-soleo-portal.jpg\" class=\"attachment-portfolio_masonry_with_space size-portfolio_masonry_with_space wp-post-image\" alt=\"Edificio Soleo portal\" loading=\"lazy\" srcset=\"https:\/\/www.adecursos.com\/pisosenpradodelavega\/wp-content\/uploads\/2020\/11\/edificio-soleo-portal.jpg 300w, https:\/\/www.adecursos.com\/pisosenpradodelavega\/wp-content\/uploads\/2020\/11\/edificio-soleo-portal.jpg 1024w, https:\/\/www.adecursos.com\/pisosenpradodelavega\/wp-content\/uploads\/2020\/11\/edificio-soleo-portal.jpg 768w, https:\/\/www.adecursos.com\/pisosenpradodelavega\/wp-content\/uploads\/2020\/11\/edificio-soleo-portal.jpg 1536w, https:\/\/www.adecursos.com\/pisosenpradodelavega\/wp-content\/uploads\/2020\/11\/edificio-soleo-portal.jpg 700w, https:\/\/www.adecursos.com\/pisosenpradodelavega\/wp-content\/uploads\/2020\/11\/edificio-soleo-portal.jpg 1900w\" sizes=\"(max-width: 700px) 100vw, 700px\" \/><\/span>                <\/div>\n            <\/div>\n\n        \n    \n<\/article>\n<article class='mix portfolio_category_7 default' style='padding: 0 9px;margin-bottom: 18px !important;'>\n    \n    \n    \n    \n            <div class=\"item_holder cursor_change_hover\">\n\n                    <div class=\"text_holder\">\n        <div class=\"text_holder_outer\">\n            <div class=\"text_holder_inner\">\n            \n    <h5 itemprop=\"name\" class=\"portfolio_title entry_title\"><a itemprop=\"url\" href=\"https:\/\/www.adecursos.com\/pisosenpradodelavega\/edificio-soleo\/atico\/\"  target=\"_self\"> Soleo<\/a><\/h5>\n\n            <\/div>\n        <\/div>\n    <\/div>\n\n                                    <a itemprop=\"url\" class=\"portfolio_link_class\" title=\"Soleo\" href=\"https:\/\/www.adecursos.com\/pisosenpradodelavega\/edificio-soleo\/atico\/\"><\/a>\n                \n                <div style=\"\" class=\"portfolio_shader\"><\/div>\n                <div class=\"image_holder\">\n                    \n<span class='image'><img width=\"700\" height=\"467\" src=\"https:\/\/www.adecursos.com\/pisosenpradodelavega\/wp-content\/uploads\/2020\/11\/edificio-soleo-terraza-2.jpg\" class=\"attachment-portfolio_masonry_with_space size-portfolio_masonry_with_space wp-post-image\" alt=\"Edificio Soleo terraza\" loading=\"lazy\" srcset=\"https:\/\/www.adecursos.com\/pisosenpradodelavega\/wp-content\/uploads\/2020\/11\/edificio-soleo-terraza-2.jpg 300w, https:\/\/www.adecursos.com\/pisosenpradodelavega\/wp-content\/uploads\/2020\/11\/edificio-soleo-terraza-2.jpg 1024w, https:\/\/www.adecursos.com\/pisosenpradodelavega\/wp-content\/uploads\/2020\/11\/edificio-soleo-terraza-2.jpg 768w, https:\/\/www.adecursos.com\/pisosenpradodelavega\/wp-content\/uploads\/2020\/11\/edificio-soleo-terraza-2.jpg 1536w, https:\/\/www.adecursos.com\/pisosenpradodelavega\/wp-content\/uploads\/2020\/11\/edificio-soleo-terraza-2.jpg 700w, https:\/\/www.adecursos.com\/pisosenpradodelavega\/wp-content\/uploads\/2020\/11\/edificio-soleo-terraza-2.jpg 1900w\" sizes=\"(max-width: 700px) 100vw, 700px\" \/><\/span>                <\/div>\n            <\/div>\n\n        \n    \n<\/article>\n        <div class='filler'><\/div>\n            <div class='filler'><\/div>\n        <\/div>\n\n    \n    <\/div>\t\t<\/div>\n\t\t\t\t<\/div>\n\t\t\t\t\t\t<\/div>\n\t\t\t\t\t<\/div>\n\t\t<\/div>\n\t\t\t\t\t\t\t\t<\/div>\n\t\t\t\t\t<\/div>\n\t\t<\/section>\n\t\t\t\t\t\t<\/div>\n\t\t\t\t\t\t<\/div>\n\t\t\t\t\t<\/div>\n\t\t","protected":false},"excerpt":{"rendered":"<p>L\u00famina L\u00famina L\u00famina Soleo Soleo Soleo Soleo<\/p>\n","protected":false},"author":1,"featured_media":0,"parent":0,"menu_order":0,"comment_status":"closed","ping_status":"closed","template":"full_width.php","meta":[],"_links":{"self":[{"href":"https:\/\/www.adecursos.com\/pisosenpradodelavega\/wp-json\/wp\/v2\/pages\/193"}],"collection":[{"href":"https:\/\/www.adecursos.com\/pisosenpradodelavega\/wp-json\/wp\/v2\/pages"}],"about":[{"href":"https:\/\/www.adecursos.com\/pisosenpradodelavega\/wp-json\/wp\/v2\/types\/page"}],"author":[{"embeddable":true,"href":"https:\/\/www.adecursos.com\/pisosenpradodelavega\/wp-json\/wp\/v2\/users\/1"}],"replies":[{"embeddable":true,"href":"https:\/\/www.adecursos.com\/pisosenpradodelavega\/wp-json\/wp\/v2\/comments?post=193"}],"version-history":[{"count":69,"href":"https:\/\/www.adecursos.com\/pisosenpradodelavega\/wp-json\/wp\/v2\/pages\/193\/revisions"}],"predecessor-version":[{"id":450,"href":"https:\/\/www.adecursos.com\/pisosenpradodelavega\/wp-json\/wp\/v2\/pages\/193\/revisions\/450"}],"wp:attachment":[{"href":"https:\/\/www.adecursos.com\/pisosenpradodelavega\/wp-json\/wp\/v2\/media?parent=193"}],"curies":[{"name":"wp","href":"https:\/\/api.w.org\/{rel}","templated":true}]}}